{"id":825,"date":"2023-02-16T12:18:14","date_gmt":"2023-02-16T12:18:14","guid":{"rendered":"https:\/\/tuttisani.com.br\/?post_type=product&#038;p=825"},"modified":"2023-02-19T00:14:52","modified_gmt":"2023-02-19T00:14:52","slug":"morango","status":"publish","type":"product","link":"https:\/\/tuttisani.com.br\/index.php\/product\/morango\/","title":{"rendered":"Morango Cremoso"},"content":{"rendered":"<p>O gelato de morango cremoso \u00e9 uma sobremesa deliciosa e refrescante, perfeita para aqueles que buscam uma op\u00e7\u00e3o natural e saud\u00e1vel. Esse gelato \u00e9 feito com 50% de morango da fruta, o que garante um sabor aut\u00eantico e intenso.<\/p>\n<p>Al\u00e9m disso, o gelato \u00e9 preparado com leite e creme de leite fresco, que conferem uma textura cremosa e suave. Esses ingredientes s\u00e3o combinados de maneira cuidadosa para garantir a consist\u00eancia perfeita do gelato original.<\/p>\n<p>O melhor de tudo \u00e9 que o gelato de morango cremoso \u00e9 produzido sem a adi\u00e7\u00e3o de corantes e aromas artificiais. Isso significa que o sabor e a cor s\u00e3o totalmente naturais, provenientes dos pr\u00f3prios ingredientes utilizados na receita.<\/p>\n<p>Ao escolher um gelato com ingredientes de alta qualidade e sem aditivos artificiais, voc\u00ea pode ter certeza de que est\u00e1 desfrutando de uma sobremesa saud\u00e1vel e deliciosa. O gelato de morango cremoso \u00e9 uma op\u00e7\u00e3o perfeita para quem deseja cuidar da sa\u00fade sem abrir m\u00e3o do prazer de saborear um gelato de alta qualidade.<\/p>\n","protected":false},"excerpt":{"rendered":"<p>O gelato de morango cremoso \u00e9 uma sobremesa feita com 50% de morango da fruta, leite e creme de leite fresco, sem corantes e aromas artificiais. A combina\u00e7\u00e3o desses ingredientes resulta em um gelato de textura cremosa e sabor aut\u00eantico. Al\u00e9m disso, por ser produzido sem aditivos artificiais, \u00e9 uma op\u00e7\u00e3o saud\u00e1vel e deliciosa para quem deseja cuidar da sa\u00fade sem abrir m\u00e3o do prazer de saborear um gelato de alta qualidade.<\/p>\n","protected":false},"featured_media":0,"comment_status":"open","ping_status":"closed","template":"","meta":[],"product_cat":[30],"product_tag":[41],"class_list":{"0":"post-825","1":"product","2":"type-product","3":"status-publish","5":"product_cat-dolce-vita","6":"product_tag-gelato-de-morango","8":"first","9":"instock","10":"shipping-taxable","11":"purchasable","12":"product-type-variable"},"jetpack_sharing_enabled":true,"_links":{"self":[{"href":"https:\/\/tuttisani.com.br\/index.php\/wp-json\/wp\/v2\/product\/825","targetHints":{"allow":["GET"]}}],"collection":[{"href":"https:\/\/tuttisani.com.br\/index.php\/wp-json\/wp\/v2\/product"}],"about":[{"href":"https:\/\/tuttisani.com.br\/index.php\/wp-json\/wp\/v2\/types\/product"}],"replies":[{"embeddable":true,"href":"https:\/\/tuttisani.com.br\/index.php\/wp-json\/wp\/v2\/comments?post=825"}],"version-history":[{"count":4,"href":"https:\/\/tuttisani.com.br\/index.php\/wp-json\/wp\/v2\/product\/825\/revisions"}],"predecessor-version":[{"id":838,"href":"https:\/\/tuttisani.com.br\/index.php\/wp-json\/wp\/v2\/product\/825\/revisions\/838"}],"wp:attachment":[{"href":"https:\/\/tuttisani.com.br\/index.php\/wp-json\/wp\/v2\/media?parent=825"}],"wp:term":[{"taxonomy":"product_cat","embeddable":true,"href":"https:\/\/tuttisani.com.br\/index.php\/wp-json\/wp\/v2\/product_cat?post=825"},{"taxonomy":"product_tag","embeddable":true,"href":"https:\/\/tuttisani.com.br\/index.php\/wp-json\/wp\/v2\/product_tag?post=825"}],"curies":[{"name":"wp","href":"https:\/\/api.w.org\/{rel}","templated":true}]}}